{"id":10537,"date":"2023-09-04T10:43:14","date_gmt":"2023-09-04T13:43:14","guid":{"rendered":"https:\/\/mmpersonalizados.com.br\/?post_type=product&#038;p=10537"},"modified":"2023-09-04T11:27:31","modified_gmt":"2023-09-04T14:27:31","slug":"caneca-aniversario-002","status":"publish","type":"product","link":"https:\/\/mmpersonalizados.com.br\/?product=caneca-aniversario-002","title":{"rendered":"Caneca Anivers\u00e1rio &#8211; 002"},"content":{"rendered":"<p><strong>Dimens\u00f5es do Produto<\/strong><\/p>\n<p>Comprimento:\u00a012cm<br \/>\nLargura: 8cm<br \/>\nAltura: 9,5cm<br \/>\nCapacidade: 325ml<\/p>\n<p>Observa\u00e7\u00e3o: Pode ser levado ao micro-ondas e \u00e0 lava-lou\u00e7as.<\/p>\n","protected":false},"excerpt":{"rendered":"<p><strong>Porcelana:<\/strong> Produzidas com porcelana de alta resist\u00eancia, s\u00e3o \u00f3timas para os momentos de relaxamento ou durante o trabalho para deliciar sua bebida favorita!<\/p>\n","protected":false},"featured_media":10574,"comment_status":"open","ping_status":"closed","template":"","meta":[],"product_brand":[],"product_cat":[236,30,174],"product_tag":[237,81],"class_list":{"0":"post-10537","1":"product","2":"type-product","3":"status-publish","6":"product_cat-aniversario","7":"product_cat-canecas","8":"product_cat-datas-comemorativas","9":"product_tag-aniversario","10":"product_tag-datas-comemorativas","11":"pa_cor-caneca-branca","12":"pa_cor-caneca-preta","13":"pa_cor-caneca-vermelha","15":"first","16":"instock","17":"shipping-taxable","18":"purchasable","19":"product-type-variable","20":"has-default-attributes"},"_links":{"self":[{"href":"https:\/\/mmpersonalizados.com.br\/index.php?rest_route=\/wp\/v2\/product\/10537","targetHints":{"allow":["GET"]}}],"collection":[{"href":"https:\/\/mmpersonalizados.com.br\/index.php?rest_route=\/wp\/v2\/product"}],"about":[{"href":"https:\/\/mmpersonalizados.com.br\/index.php?rest_route=\/wp\/v2\/types\/product"}],"replies":[{"embeddable":true,"href":"https:\/\/mmpersonalizados.com.br\/index.php?rest_route=%2Fwp%2Fv2%2Fcomments&post=10537"}],"version-history":[{"count":1,"href":"https:\/\/mmpersonalizados.com.br\/index.php?rest_route=\/wp\/v2\/product\/10537\/revisions"}],"predecessor-version":[{"id":10541,"href":"https:\/\/mmpersonalizados.com.br\/index.php?rest_route=\/wp\/v2\/product\/10537\/revisions\/10541"}],"wp:featuredmedia":[{"embeddable":true,"href":"https:\/\/mmpersonalizados.com.br\/index.php?rest_route=\/wp\/v2\/media\/10574"}],"wp:attachment":[{"href":"https:\/\/mmpersonalizados.com.br\/index.php?rest_route=%2Fwp%2Fv2%2Fmedia&parent=10537"}],"wp:term":[{"taxonomy":"product_brand","embeddable":true,"href":"https:\/\/mmpersonalizados.com.br\/index.php?rest_route=%2Fwp%2Fv2%2Fproduct_brand&post=10537"},{"taxonomy":"product_cat","embeddable":true,"href":"https:\/\/mmpersonalizados.com.br\/index.php?rest_route=%2Fwp%2Fv2%2Fproduct_cat&post=10537"},{"taxonomy":"product_tag","embeddable":true,"href":"https:\/\/mmpersonalizados.com.br\/index.php?rest_route=%2Fwp%2Fv2%2Fproduct_tag&post=10537"}],"curies":[{"name":"wp","href":"https:\/\/api.w.org\/{rel}","templated":true}]}}