{"id":10840,"date":"2023-09-04T12:04:19","date_gmt":"2023-09-04T15:04:19","guid":{"rendered":"https:\/\/mmpersonalizados.com.br\/?post_type=product&#038;p=10840"},"modified":"2023-09-04T14:14:43","modified_gmt":"2023-09-04T17:14:43","slug":"caneca-dia-dos-pais-014","status":"publish","type":"product","link":"https:\/\/mmpersonalizados.com.br\/?product=caneca-dia-dos-pais-014","title":{"rendered":"Caneca Dia dos Pais &#8211; 014"},"content":{"rendered":"<p><strong>Dimens\u00f5es do Produto<\/strong><\/p>\n<p>Comprimento:\u00a012cm<br \/>\nLargura: 8cm<br \/>\nAltura: 9,5cm<br \/>\nCapacidade: 325ml<\/p>\n<p>Observa\u00e7\u00e3o: Pode ser levado ao micro-ondas e \u00e0 lava-lou\u00e7as.<\/p>\n","protected":false},"excerpt":{"rendered":"<p><strong>Porcelana:<\/strong> Produzidas com porcelana de alta resist\u00eancia, s\u00e3o \u00f3timas para os momentos de relaxamento ou durante o trabalho para deliciar sua bebida favorita!<\/p>\n","protected":false},"featured_media":10881,"comment_status":"open","ping_status":"closed","template":"","meta":[],"product_brand":[],"product_cat":[30,174,250],"product_tag":[529,515,251],"class_list":{"0":"post-10840","1":"product","2":"type-product","3":"status-publish","6":"product_cat-canecas","7":"product_cat-datas-comemorativas","8":"product_cat-canecas-dia-dos-pais","9":"product_tag-data-comemorativas","10":"product_tag-dia-dos-pais","11":"product_tag-pais","12":"pa_cor-caneca-branca","13":"pa_cor-caneca-preta","14":"pa_cor-caneca-vermelha","16":"first","17":"instock","18":"shipping-taxable","19":"purchasable","20":"product-type-variable","21":"has-default-attributes"},"_links":{"self":[{"href":"https:\/\/mmpersonalizados.com.br\/index.php?rest_route=\/wp\/v2\/product\/10840","targetHints":{"allow":["GET"]}}],"collection":[{"href":"https:\/\/mmpersonalizados.com.br\/index.php?rest_route=\/wp\/v2\/product"}],"about":[{"href":"https:\/\/mmpersonalizados.com.br\/index.php?rest_route=\/wp\/v2\/types\/product"}],"replies":[{"embeddable":true,"href":"https:\/\/mmpersonalizados.com.br\/index.php?rest_route=%2Fwp%2Fv2%2Fcomments&post=10840"}],"version-history":[{"count":1,"href":"https:\/\/mmpersonalizados.com.br\/index.php?rest_route=\/wp\/v2\/product\/10840\/revisions"}],"predecessor-version":[{"id":10959,"href":"https:\/\/mmpersonalizados.com.br\/index.php?rest_route=\/wp\/v2\/product\/10840\/revisions\/10959"}],"wp:featuredmedia":[{"embeddable":true,"href":"https:\/\/mmpersonalizados.com.br\/index.php?rest_route=\/wp\/v2\/media\/10881"}],"wp:attachment":[{"href":"https:\/\/mmpersonalizados.com.br\/index.php?rest_route=%2Fwp%2Fv2%2Fmedia&parent=10840"}],"wp:term":[{"taxonomy":"product_brand","embeddable":true,"href":"https:\/\/mmpersonalizados.com.br\/index.php?rest_route=%2Fwp%2Fv2%2Fproduct_brand&post=10840"},{"taxonomy":"product_cat","embeddable":true,"href":"https:\/\/mmpersonalizados.com.br\/index.php?rest_route=%2Fwp%2Fv2%2Fproduct_cat&post=10840"},{"taxonomy":"product_tag","embeddable":true,"href":"https:\/\/mmpersonalizados.com.br\/index.php?rest_route=%2Fwp%2Fv2%2Fproduct_tag&post=10840"}],"curies":[{"name":"wp","href":"https:\/\/api.w.org\/{rel}","templated":true}]}}