{"id":11666,"date":"2023-09-21T09:36:03","date_gmt":"2023-09-21T12:36:03","guid":{"rendered":"https:\/\/mmpersonalizados.com.br\/?post_type=product&#038;p=11666"},"modified":"2024-02-07T14:46:48","modified_gmt":"2024-02-07T17:46:48","slug":"almofada-flamengo-002","status":"publish","type":"product","link":"https:\/\/mmpersonalizados.com.br\/?product=almofada-flamengo-002","title":{"rendered":"Almofada Flamengo &#8211; 002"},"content":{"rendered":"<p>&#8211; Tamanho 35cm x 35cm<\/p>\n<p>&#8211; Estampa em 1 lado da almofada<\/p>\n<p>&#8211; \u00a0Almofadas Brancas.<\/p>\n<p>&#8211; Almofadas completas com Capas com z\u00edper e\u00a0enchimento feito com\u00a0fibra siliconizada antial\u00e9rgica.<\/p>\n<p>&#8211; Confeccionadas em tecido 100% poliester garantindo um toque leve e macio.<\/p>\n","protected":false},"excerpt":{"rendered":"<p>Ela \u00e9 de alt\u00edssima qualidade e acabamento impec\u00e1vel, macia e fofinha, como resultado mant\u00e9m as cores da estampa sempre vivas, mesmo ap\u00f3s a lavagem.\u00a0 Perfeita para combinar com qualquer ambiente.<\/p>\n<p>Seja para presentear algu\u00e9m especial ou decorar o seu pr\u00f3prio espa\u00e7o, a almofada personalizada \u00e9 uma escolha perfeita e cheia de estilo!<\/p>\n<p>&#8211; Excelente acabamento e durabilidade.<\/p>\n","protected":false},"featured_media":11672,"comment_status":"open","ping_status":"closed","template":"","meta":[],"product_brand":[],"product_cat":[560,501,500],"product_tag":[557,207,197],"class_list":{"0":"post-11666","1":"product","2":"type-product","3":"status-publish","6":"product_cat-almofada-flamengo","7":"product_cat-times","8":"product_cat-almofadas","9":"product_tag-almofada","10":"product_tag-flamengo","11":"product_tag-times","13":"first","14":"outofstock","15":"shipping-taxable","16":"purchasable","17":"product-type-simple"},"_links":{"self":[{"href":"https:\/\/mmpersonalizados.com.br\/index.php?rest_route=\/wp\/v2\/product\/11666","targetHints":{"allow":["GET"]}}],"collection":[{"href":"https:\/\/mmpersonalizados.com.br\/index.php?rest_route=\/wp\/v2\/product"}],"about":[{"href":"https:\/\/mmpersonalizados.com.br\/index.php?rest_route=\/wp\/v2\/types\/product"}],"replies":[{"embeddable":true,"href":"https:\/\/mmpersonalizados.com.br\/index.php?rest_route=%2Fwp%2Fv2%2Fcomments&post=11666"}],"version-history":[{"count":1,"href":"https:\/\/mmpersonalizados.com.br\/index.php?rest_route=\/wp\/v2\/product\/11666\/revisions"}],"predecessor-version":[{"id":11677,"href":"https:\/\/mmpersonalizados.com.br\/index.php?rest_route=\/wp\/v2\/product\/11666\/revisions\/11677"}],"wp:featuredmedia":[{"embeddable":true,"href":"https:\/\/mmpersonalizados.com.br\/index.php?rest_route=\/wp\/v2\/media\/11672"}],"wp:attachment":[{"href":"https:\/\/mmpersonalizados.com.br\/index.php?rest_route=%2Fwp%2Fv2%2Fmedia&parent=11666"}],"wp:term":[{"taxonomy":"product_brand","embeddable":true,"href":"https:\/\/mmpersonalizados.com.br\/index.php?rest_route=%2Fwp%2Fv2%2Fproduct_brand&post=11666"},{"taxonomy":"product_cat","embeddable":true,"href":"https:\/\/mmpersonalizados.com.br\/index.php?rest_route=%2Fwp%2Fv2%2Fproduct_cat&post=11666"},{"taxonomy":"product_tag","embeddable":true,"href":"https:\/\/mmpersonalizados.com.br\/index.php?rest_route=%2Fwp%2Fv2%2Fproduct_tag&post=11666"}],"curies":[{"name":"wp","href":"https:\/\/api.w.org\/{rel}","templated":true}]}}