{"id":12841,"date":"2023-10-25T14:47:11","date_gmt":"2023-10-25T17:47:11","guid":{"rendered":"https:\/\/mmpersonalizados.com.br\/?post_type=product&#038;p=12841"},"modified":"2023-10-26T11:10:00","modified_gmt":"2023-10-26T14:10:00","slug":"caneca-alfabeto-floral-com-nome-001","status":"publish","type":"product","link":"https:\/\/mmpersonalizados.com.br\/?product=caneca-alfabeto-floral-com-nome-001","title":{"rendered":"Caneca Alfabeto Floral com Nome &#8211; 006"},"content":{"rendered":"<p><strong>Dimens\u00f5es do Produto<\/strong><\/p>\n<p>Comprimento:\u00a012cm<br \/>\nLargura: 8cm<br \/>\nAltura: 9,5cm<br \/>\nCapacidade: 325ml<\/p>\n<p>Observa\u00e7\u00e3o: Pode ser levado ao micro-ondas e \u00e0 lava-lou\u00e7as.<\/p>\n","protected":false},"excerpt":{"rendered":"<p><strong>Porcelana:<\/strong> Produzidas com porcelana de alta resist\u00eancia, s\u00e3o \u00f3timas para os momentos de relaxamento ou durante o trabalho para deliciar sua bebida favorita! Informe o <strong>&#8220;SEU NOME&#8221;<\/strong> que personalizamos para voc\u00ea!<\/p>\n","protected":false},"featured_media":12905,"comment_status":"open","ping_status":"closed","template":"","meta":[],"product_brand":[],"product_cat":[30,578],"product_tag":[580,260,579],"class_list":{"0":"post-12841","1":"product","2":"type-product","3":"status-publish","6":"product_cat-canecas","7":"product_cat-alfabeto-floral-com-nome","8":"product_tag-alfabeto","9":"product_tag-floral","10":"product_tag-nome","11":"pa_cor-caneca-branca","12":"pa_cor-caneca-rosa","14":"first","15":"instock","16":"shipping-taxable","17":"purchasable","18":"product-type-variable","19":"has-default-attributes"},"_links":{"self":[{"href":"https:\/\/mmpersonalizados.com.br\/index.php?rest_route=\/wp\/v2\/product\/12841","targetHints":{"allow":["GET"]}}],"collection":[{"href":"https:\/\/mmpersonalizados.com.br\/index.php?rest_route=\/wp\/v2\/product"}],"about":[{"href":"https:\/\/mmpersonalizados.com.br\/index.php?rest_route=\/wp\/v2\/types\/product"}],"replies":[{"embeddable":true,"href":"https:\/\/mmpersonalizados.com.br\/index.php?rest_route=%2Fwp%2Fv2%2Fcomments&post=12841"}],"version-history":[{"count":4,"href":"https:\/\/mmpersonalizados.com.br\/index.php?rest_route=\/wp\/v2\/product\/12841\/revisions"}],"predecessor-version":[{"id":12918,"href":"https:\/\/mmpersonalizados.com.br\/index.php?rest_route=\/wp\/v2\/product\/12841\/revisions\/12918"}],"wp:featuredmedia":[{"embeddable":true,"href":"https:\/\/mmpersonalizados.com.br\/index.php?rest_route=\/wp\/v2\/media\/12905"}],"wp:attachment":[{"href":"https:\/\/mmpersonalizados.com.br\/index.php?rest_route=%2Fwp%2Fv2%2Fmedia&parent=12841"}],"wp:term":[{"taxonomy":"product_brand","embeddable":true,"href":"https:\/\/mmpersonalizados.com.br\/index.php?rest_route=%2Fwp%2Fv2%2Fproduct_brand&post=12841"},{"taxonomy":"product_cat","embeddable":true,"href":"https:\/\/mmpersonalizados.com.br\/index.php?rest_route=%2Fwp%2Fv2%2Fproduct_cat&post=12841"},{"taxonomy":"product_tag","embeddable":true,"href":"https:\/\/mmpersonalizados.com.br\/index.php?rest_route=%2Fwp%2Fv2%2Fproduct_tag&post=12841"}],"curies":[{"name":"wp","href":"https:\/\/api.w.org\/{rel}","templated":true}]}}