{"id":1295,"date":"2021-04-19T17:39:48","date_gmt":"2021-04-19T20:39:48","guid":{"rendered":"http:\/\/mmpersonalizados.com.br\/?post_type=product&#038;p=1295"},"modified":"2023-08-30T09:26:57","modified_gmt":"2023-08-30T12:26:57","slug":"body-mamae-001","status":"publish","type":"product","link":"https:\/\/mmpersonalizados.com.br\/?product=body-mamae-001","title":{"rendered":"Body Mam\u00e3e &#8211; 001"},"content":{"rendered":"<p>Body Infantil Personalizados<br \/>\n1 a 3 meses &#8211; P<br \/>\n4 a 6 meses &#8211; M<br \/>\n7 a 9 meses &#8211; G<br \/>\n10 a 12 meses &#8211; GG<\/p>\n","protected":false},"excerpt":{"rendered":"<p>Body 100% poli\u00e9ster.<br \/>\nPersonalizada por Sublima\u00e7\u00e3o, Excelente qualidade e durabilidade, estampa n\u00e3o deixa relevo, pois penetra diretamente nas fibras do tecido, al\u00e9m de n\u00e3o rachar e n\u00e3o desbotar!<\/p>\n","protected":false},"featured_media":9512,"comment_status":"closed","ping_status":"closed","template":"","meta":[],"product_brand":[],"product_cat":[180,186],"product_tag":[182,185,183,184],"class_list":{"0":"post-1295","1":"product","2":"type-product","3":"status-publish","6":"product_cat-body","7":"product_cat-body-mamae","8":"product_tag-body","9":"product_tag-dia-das-maes","10":"product_tag-maes","11":"product_tag-primeiro","13":"first","14":"instock","15":"shipping-taxable","16":"purchasable","17":"product-type-simple"},"_links":{"self":[{"href":"https:\/\/mmpersonalizados.com.br\/index.php?rest_route=\/wp\/v2\/product\/1295","targetHints":{"allow":["GET"]}}],"collection":[{"href":"https:\/\/mmpersonalizados.com.br\/index.php?rest_route=\/wp\/v2\/product"}],"about":[{"href":"https:\/\/mmpersonalizados.com.br\/index.php?rest_route=\/wp\/v2\/types\/product"}],"replies":[{"embeddable":true,"href":"https:\/\/mmpersonalizados.com.br\/index.php?rest_route=%2Fwp%2Fv2%2Fcomments&post=1295"}],"version-history":[{"count":2,"href":"https:\/\/mmpersonalizados.com.br\/index.php?rest_route=\/wp\/v2\/product\/1295\/revisions"}],"predecessor-version":[{"id":3338,"href":"https:\/\/mmpersonalizados.com.br\/index.php?rest_route=\/wp\/v2\/product\/1295\/revisions\/3338"}],"wp:featuredmedia":[{"embeddable":true,"href":"https:\/\/mmpersonalizados.com.br\/index.php?rest_route=\/wp\/v2\/media\/9512"}],"wp:attachment":[{"href":"https:\/\/mmpersonalizados.com.br\/index.php?rest_route=%2Fwp%2Fv2%2Fmedia&parent=1295"}],"wp:term":[{"taxonomy":"product_brand","embeddable":true,"href":"https:\/\/mmpersonalizados.com.br\/index.php?rest_route=%2Fwp%2Fv2%2Fproduct_brand&post=1295"},{"taxonomy":"product_cat","embeddable":true,"href":"https:\/\/mmpersonalizados.com.br\/index.php?rest_route=%2Fwp%2Fv2%2Fproduct_cat&post=1295"},{"taxonomy":"product_tag","embeddable":true,"href":"https:\/\/mmpersonalizados.com.br\/index.php?rest_route=%2Fwp%2Fv2%2Fproduct_tag&post=1295"}],"curies":[{"name":"wp","href":"https:\/\/api.w.org\/{rel}","templated":true}]}}