{"id":13399,"date":"2023-11-13T16:27:18","date_gmt":"2023-11-13T19:27:18","guid":{"rendered":"https:\/\/mmpersonalizados.com.br\/?post_type=product&#038;p=13399"},"modified":"2023-11-13T16:52:16","modified_gmt":"2023-11-13T19:52:16","slug":"caneca-homem-de-ferro-006","status":"publish","type":"product","link":"https:\/\/mmpersonalizados.com.br\/?product=caneca-homem-de-ferro-006","title":{"rendered":"Caneca Homem de Ferro &#8211; 006"},"content":{"rendered":"<p><strong>Dimens\u00f5es do Produto<\/strong><\/p>\n<p>Comprimento:\u00a012cm<br \/>\nLargura: 8cm<br \/>\nAltura: 9,5cm<br \/>\nCapacidade: 325ml<\/p>\n<p>Observa\u00e7\u00e3o: Pode ser levado ao micro-ondas e \u00e0 lava-lou\u00e7as.<\/p>\n","protected":false},"excerpt":{"rendered":"<p><strong>Porcelana:<\/strong> Produzidas com porcelana de alta resist\u00eancia, s\u00e3o \u00f3timas para os momentos de relaxamento ou durante o trabalho para deliciar sua bebida favorita! Informe o <strong>&#8220;SEU NOME&#8221;<\/strong> que personalizamos para voc\u00ea!<\/p>\n","protected":false},"featured_media":13431,"comment_status":"open","ping_status":"closed","template":"","meta":[],"product_brand":[],"product_cat":[585,582,30,581],"product_tag":[96,440,587],"class_list":{"0":"post-13399","1":"product","2":"type-product","3":"status-publish","6":"product_cat-homem-de-ferro","7":"product_cat-super-herois","8":"product_cat-canecas","9":"product_cat-desenhos","10":"product_tag-avengers","11":"product_tag-homem-de-ferro","12":"product_tag-iroman","13":"pa_cor-caneca-branca","14":"pa_cor-caneca-preta","15":"pa_cor-caneca-vermelha","17":"first","18":"instock","19":"shipping-taxable","20":"purchasable","21":"product-type-variable","22":"has-default-attributes"},"_links":{"self":[{"href":"https:\/\/mmpersonalizados.com.br\/index.php?rest_route=\/wp\/v2\/product\/13399","targetHints":{"allow":["GET"]}}],"collection":[{"href":"https:\/\/mmpersonalizados.com.br\/index.php?rest_route=\/wp\/v2\/product"}],"about":[{"href":"https:\/\/mmpersonalizados.com.br\/index.php?rest_route=\/wp\/v2\/types\/product"}],"replies":[{"embeddable":true,"href":"https:\/\/mmpersonalizados.com.br\/index.php?rest_route=%2Fwp%2Fv2%2Fcomments&post=13399"}],"version-history":[{"count":1,"href":"https:\/\/mmpersonalizados.com.br\/index.php?rest_route=\/wp\/v2\/product\/13399\/revisions"}],"predecessor-version":[{"id":13548,"href":"https:\/\/mmpersonalizados.com.br\/index.php?rest_route=\/wp\/v2\/product\/13399\/revisions\/13548"}],"wp:featuredmedia":[{"embeddable":true,"href":"https:\/\/mmpersonalizados.com.br\/index.php?rest_route=\/wp\/v2\/media\/13431"}],"wp:attachment":[{"href":"https:\/\/mmpersonalizados.com.br\/index.php?rest_route=%2Fwp%2Fv2%2Fmedia&parent=13399"}],"wp:term":[{"taxonomy":"product_brand","embeddable":true,"href":"https:\/\/mmpersonalizados.com.br\/index.php?rest_route=%2Fwp%2Fv2%2Fproduct_brand&post=13399"},{"taxonomy":"product_cat","embeddable":true,"href":"https:\/\/mmpersonalizados.com.br\/index.php?rest_route=%2Fwp%2Fv2%2Fproduct_cat&post=13399"},{"taxonomy":"product_tag","embeddable":true,"href":"https:\/\/mmpersonalizados.com.br\/index.php?rest_route=%2Fwp%2Fv2%2Fproduct_tag&post=13399"}],"curies":[{"name":"wp","href":"https:\/\/api.w.org\/{rel}","templated":true}]}}