{"id":1359,"date":"2021-04-19T18:26:14","date_gmt":"2021-04-19T21:26:14","guid":{"rendered":"http:\/\/mmpersonalizados.com.br\/?post_type=product&#038;p=1359"},"modified":"2023-08-30T10:30:06","modified_gmt":"2023-08-30T13:30:06","slug":"body-titia-007","status":"publish","type":"product","link":"https:\/\/mmpersonalizados.com.br\/?product=body-titia-007","title":{"rendered":"Body Titia &#8211;  007"},"content":{"rendered":"<p>Body Infantil Personalizados M\u00easvers\u00e1rio<br \/>\n1 a 3 meses &#8211; P<br \/>\n4 a 6 meses &#8211; M<br \/>\n7 a 9 meses &#8211; G<br \/>\n10 a 12 meses &#8211; GG<\/p>\n","protected":false},"excerpt":{"rendered":"<p>Body 100% poli\u00e9ster.<br \/>\nPersonalizada por Sublima\u00e7\u00e3o, Excelente qualidade e durabilidade, estampa n\u00e3o deixa relevo, pois penetra diretamente nas fibras do tecido, al\u00e9m de n\u00e3o rachar e n\u00e3o desbotar!<\/p>\n","protected":false},"featured_media":9567,"comment_status":"closed","ping_status":"closed","template":"","meta":[],"product_brand":[],"product_cat":[180,188],"product_tag":[182,517,516],"class_list":{"0":"post-1359","1":"product","2":"type-product","3":"status-publish","6":"product_cat-body","7":"product_cat-body-titia","8":"product_tag-body","9":"product_tag-tia","10":"product_tag-titia","12":"first","13":"instock","14":"shipping-taxable","15":"purchasable","16":"product-type-simple"},"_links":{"self":[{"href":"https:\/\/mmpersonalizados.com.br\/index.php?rest_route=\/wp\/v2\/product\/1359","targetHints":{"allow":["GET"]}}],"collection":[{"href":"https:\/\/mmpersonalizados.com.br\/index.php?rest_route=\/wp\/v2\/product"}],"about":[{"href":"https:\/\/mmpersonalizados.com.br\/index.php?rest_route=\/wp\/v2\/types\/product"}],"replies":[{"embeddable":true,"href":"https:\/\/mmpersonalizados.com.br\/index.php?rest_route=%2Fwp%2Fv2%2Fcomments&post=1359"}],"version-history":[{"count":2,"href":"https:\/\/mmpersonalizados.com.br\/index.php?rest_route=\/wp\/v2\/product\/1359\/revisions"}],"predecessor-version":[{"id":9570,"href":"https:\/\/mmpersonalizados.com.br\/index.php?rest_route=\/wp\/v2\/product\/1359\/revisions\/9570"}],"wp:featuredmedia":[{"embeddable":true,"href":"https:\/\/mmpersonalizados.com.br\/index.php?rest_route=\/wp\/v2\/media\/9567"}],"wp:attachment":[{"href":"https:\/\/mmpersonalizados.com.br\/index.php?rest_route=%2Fwp%2Fv2%2Fmedia&parent=1359"}],"wp:term":[{"taxonomy":"product_brand","embeddable":true,"href":"https:\/\/mmpersonalizados.com.br\/index.php?rest_route=%2Fwp%2Fv2%2Fproduct_brand&post=1359"},{"taxonomy":"product_cat","embeddable":true,"href":"https:\/\/mmpersonalizados.com.br\/index.php?rest_route=%2Fwp%2Fv2%2Fproduct_cat&post=1359"},{"taxonomy":"product_tag","embeddable":true,"href":"https:\/\/mmpersonalizados.com.br\/index.php?rest_route=%2Fwp%2Fv2%2Fproduct_tag&post=1359"}],"curies":[{"name":"wp","href":"https:\/\/api.w.org\/{rel}","templated":true}]}}