{"id":1411,"date":"2021-04-19T18:58:31","date_gmt":"2021-04-19T21:58:31","guid":{"rendered":"http:\/\/mmpersonalizados.com.br\/?post_type=product&#038;p=1411"},"modified":"2023-08-30T15:16:39","modified_gmt":"2023-08-30T18:16:39","slug":"body-vovo-e-vovo-014","status":"publish","type":"product","link":"https:\/\/mmpersonalizados.com.br\/?product=body-vovo-e-vovo-014","title":{"rendered":"Body Vov\u00f4 e Vov\u00f3 &#8211;  014"},"content":{"rendered":"<p>Body Infantil Personalizados<br \/>\n1 a 3 meses &#8211; P<br \/>\n4 a 6 meses &#8211; M<br \/>\n7 a 9 meses &#8211; G<br \/>\n10 a 12 meses &#8211; GG<\/p>\n","protected":false},"excerpt":{"rendered":"<p>Body 100% poli\u00e9ster.<br \/>\nPersonalizada por Sublima\u00e7\u00e3o, Excelente qualidade e durabilidade, estampa n\u00e3o deixa relevo, pois penetra diretamente nas fibras do tecido, al\u00e9m de n\u00e3o rachar e n\u00e3o desbotar!<\/p>\n","protected":false},"featured_media":9729,"comment_status":"closed","ping_status":"closed","template":"","meta":[],"product_brand":[],"product_cat":[180,189],"product_tag":[182,191],"class_list":{"0":"post-1411","1":"product","2":"type-product","3":"status-publish","6":"product_cat-body","7":"product_cat-body-vovo-e-vovo","8":"product_tag-body","9":"product_tag-vovo","11":"first","12":"instock","13":"shipping-taxable","14":"purchasable","15":"product-type-simple"},"_links":{"self":[{"href":"https:\/\/mmpersonalizados.com.br\/index.php?rest_route=\/wp\/v2\/product\/1411","targetHints":{"allow":["GET"]}}],"collection":[{"href":"https:\/\/mmpersonalizados.com.br\/index.php?rest_route=\/wp\/v2\/product"}],"about":[{"href":"https:\/\/mmpersonalizados.com.br\/index.php?rest_route=\/wp\/v2\/types\/product"}],"replies":[{"embeddable":true,"href":"https:\/\/mmpersonalizados.com.br\/index.php?rest_route=%2Fwp%2Fv2%2Fcomments&post=1411"}],"version-history":[{"count":2,"href":"https:\/\/mmpersonalizados.com.br\/index.php?rest_route=\/wp\/v2\/product\/1411\/revisions"}],"predecessor-version":[{"id":3487,"href":"https:\/\/mmpersonalizados.com.br\/index.php?rest_route=\/wp\/v2\/product\/1411\/revisions\/3487"}],"wp:featuredmedia":[{"embeddable":true,"href":"https:\/\/mmpersonalizados.com.br\/index.php?rest_route=\/wp\/v2\/media\/9729"}],"wp:attachment":[{"href":"https:\/\/mmpersonalizados.com.br\/index.php?rest_route=%2Fwp%2Fv2%2Fmedia&parent=1411"}],"wp:term":[{"taxonomy":"product_brand","embeddable":true,"href":"https:\/\/mmpersonalizados.com.br\/index.php?rest_route=%2Fwp%2Fv2%2Fproduct_brand&post=1411"},{"taxonomy":"product_cat","embeddable":true,"href":"https:\/\/mmpersonalizados.com.br\/index.php?rest_route=%2Fwp%2Fv2%2Fproduct_cat&post=1411"},{"taxonomy":"product_tag","embeddable":true,"href":"https:\/\/mmpersonalizados.com.br\/index.php?rest_route=%2Fwp%2Fv2%2Fproduct_tag&post=1411"}],"curies":[{"name":"wp","href":"https:\/\/api.w.org\/{rel}","templated":true}]}}