{"id":3253,"date":"2022-08-23T14:52:46","date_gmt":"2022-08-23T17:52:46","guid":{"rendered":"http:\/\/mmpersonalizados.com.br\/?post_type=product&#038;p=3253"},"modified":"2023-09-05T15:12:34","modified_gmt":"2023-09-05T18:12:34","slug":"caneca-chopp-dia-dos-pais-001","status":"publish","type":"product","link":"https:\/\/mmpersonalizados.com.br\/?product=caneca-chopp-dia-dos-pais-001","title":{"rendered":"Caneca Chopp Dia dos Pais &#8211; 001"},"content":{"rendered":"<p>Caneca de Chopp Jateada Personalizada Para o Dia dos Pais \u2013 475mL<\/p>\n","protected":false},"excerpt":{"rendered":"<p>ESPECIFICA\u00c7\u00d5ES DO PRODUTO:<\/p>\n<p>Material: Vidro jateado<\/p>\n<p>Capacidade: 475mL<\/p>\n<p>CUIDADOS COM SUA CANECA:<\/p>\n<p>\u2013 Lave sua Caneca apenas usando \u00e1gua e sab\u00e3o ou detergente, n\u00e3o use nenhum outro produto de limpeza.<\/p>\n<p>\u2013 Ao lavar use sempre o lado macio da esponja. N\u00e3o utilize o lado \u00e1spero ou palhas de a\u00e7o. N\u00e3o esfregue sua caneca.<\/p>\n<p>\u2013 Evite quedas e grandes impactos, pois pode trincar e lascar sua caneca.<\/p>\n","protected":false},"featured_media":3254,"comment_status":"open","ping_status":"closed","template":"","meta":[],"product_brand":[],"product_cat":[424],"product_tag":[],"class_list":{"0":"post-3253","1":"product","2":"type-product","3":"status-publish","6":"product_cat-chopp","8":"first","9":"instock","10":"shipping-taxable","11":"purchasable","12":"product-type-simple"},"_links":{"self":[{"href":"https:\/\/mmpersonalizados.com.br\/index.php?rest_route=\/wp\/v2\/product\/3253","targetHints":{"allow":["GET"]}}],"collection":[{"href":"https:\/\/mmpersonalizados.com.br\/index.php?rest_route=\/wp\/v2\/product"}],"about":[{"href":"https:\/\/mmpersonalizados.com.br\/index.php?rest_route=\/wp\/v2\/types\/product"}],"replies":[{"embeddable":true,"href":"https:\/\/mmpersonalizados.com.br\/index.php?rest_route=%2Fwp%2Fv2%2Fcomments&post=3253"}],"version-history":[{"count":1,"href":"https:\/\/mmpersonalizados.com.br\/index.php?rest_route=\/wp\/v2\/product\/3253\/revisions"}],"predecessor-version":[{"id":3255,"href":"https:\/\/mmpersonalizados.com.br\/index.php?rest_route=\/wp\/v2\/product\/3253\/revisions\/3255"}],"wp:featuredmedia":[{"embeddable":true,"href":"https:\/\/mmpersonalizados.com.br\/index.php?rest_route=\/wp\/v2\/media\/3254"}],"wp:attachment":[{"href":"https:\/\/mmpersonalizados.com.br\/index.php?rest_route=%2Fwp%2Fv2%2Fmedia&parent=3253"}],"wp:term":[{"taxonomy":"product_brand","embeddable":true,"href":"https:\/\/mmpersonalizados.com.br\/index.php?rest_route=%2Fwp%2Fv2%2Fproduct_brand&post=3253"},{"taxonomy":"product_cat","embeddable":true,"href":"https:\/\/mmpersonalizados.com.br\/index.php?rest_route=%2Fwp%2Fv2%2Fproduct_cat&post=3253"},{"taxonomy":"product_tag","embeddable":true,"href":"https:\/\/mmpersonalizados.com.br\/index.php?rest_route=%2Fwp%2Fv2%2Fproduct_tag&post=3253"}],"curies":[{"name":"wp","href":"https:\/\/api.w.org\/{rel}","templated":true}]}}