{"id":4251,"date":"2022-08-30T14:55:23","date_gmt":"2022-08-30T17:55:23","guid":{"rendered":"http:\/\/mmpersonalizados.com.br\/?post_type=product&#038;p=4251"},"modified":"2023-01-30T17:33:20","modified_gmt":"2023-01-30T20:33:20","slug":"camiseta-capitao-america-006-2","status":"publish","type":"product","link":"https:\/\/mmpersonalizados.com.br\/?product=camiseta-capitao-america-006-2","title":{"rendered":"Camiseta Capit\u00e3o Am\u00e9rica &#8211; 007"},"content":{"rendered":"<p>\u2022 A estampa n\u00e3o desbota nem quebra;<br \/>\n\u2022 Altamente dur\u00e1vel, n\u00e3o sai com lavagem;<br \/>\n\u2022 Pode ser lavada na m\u00e1quina;<br \/>\n\u2022 Pode passar o ferro sobre a estampa;<br \/>\n\u2022 Produto de alt\u00edssima qualidade.<\/p>\n","protected":false},"excerpt":{"rendered":"<ul>\n<li>\u00a0Camiseta Unissex Gola Redonda ou V;<\/li>\n<li>\u00a0Estampa sublim\u00e1tica de alta qualidade e defini\u00e7\u00e3o; n\u00e3o desbota e n\u00e3o solta tinta;<\/li>\n<li>\u00a0Camiseta 100% poli\u00e9ster fabricada com material de \u00f3tima qualidade;<\/li>\n<li>\u00a0O tamanho da estampa \u00e9 baseada numa folha padr\u00e3o A4;<\/li>\n<\/ul>\n","protected":false},"featured_media":4260,"comment_status":"open","ping_status":"closed","template":"","meta":[],"product_brand":[],"product_cat":[435,269],"product_tag":[96,438,436,65],"class_list":{"0":"post-4251","1":"product","2":"type-product","3":"status-publish","6":"product_cat-super-heroi","7":"product_cat-camisetas","8":"product_tag-avengers","9":"product_tag-capitao-america","10":"product_tag-heroes","11":"product_tag-marvel","13":"first","14":"instock","15":"shipping-taxable","16":"purchasable","17":"product-type-simple"},"_links":{"self":[{"href":"https:\/\/mmpersonalizados.com.br\/index.php?rest_route=\/wp\/v2\/product\/4251","targetHints":{"allow":["GET"]}}],"collection":[{"href":"https:\/\/mmpersonalizados.com.br\/index.php?rest_route=\/wp\/v2\/product"}],"about":[{"href":"https:\/\/mmpersonalizados.com.br\/index.php?rest_route=\/wp\/v2\/types\/product"}],"replies":[{"embeddable":true,"href":"https:\/\/mmpersonalizados.com.br\/index.php?rest_route=%2Fwp%2Fv2%2Fcomments&post=4251"}],"version-history":[{"count":3,"href":"https:\/\/mmpersonalizados.com.br\/index.php?rest_route=\/wp\/v2\/product\/4251\/revisions"}],"predecessor-version":[{"id":4279,"href":"https:\/\/mmpersonalizados.com.br\/index.php?rest_route=\/wp\/v2\/product\/4251\/revisions\/4279"}],"wp:featuredmedia":[{"embeddable":true,"href":"https:\/\/mmpersonalizados.com.br\/index.php?rest_route=\/wp\/v2\/media\/4260"}],"wp:attachment":[{"href":"https:\/\/mmpersonalizados.com.br\/index.php?rest_route=%2Fwp%2Fv2%2Fmedia&parent=4251"}],"wp:term":[{"taxonomy":"product_brand","embeddable":true,"href":"https:\/\/mmpersonalizados.com.br\/index.php?rest_route=%2Fwp%2Fv2%2Fproduct_brand&post=4251"},{"taxonomy":"product_cat","embeddable":true,"href":"https:\/\/mmpersonalizados.com.br\/index.php?rest_route=%2Fwp%2Fv2%2Fproduct_cat&post=4251"},{"taxonomy":"product_tag","embeddable":true,"href":"https:\/\/mmpersonalizados.com.br\/index.php?rest_route=%2Fwp%2Fv2%2Fproduct_tag&post=4251"}],"curies":[{"name":"wp","href":"https:\/\/api.w.org\/{rel}","templated":true}]}}