{"id":4399,"date":"2022-08-30T16:18:49","date_gmt":"2022-08-30T19:18:49","guid":{"rendered":"http:\/\/mmpersonalizados.com.br\/?post_type=product&#038;p=4399"},"modified":"2023-01-30T17:33:48","modified_gmt":"2023-01-30T20:33:48","slug":"camiseta-super-homem-001","status":"publish","type":"product","link":"https:\/\/mmpersonalizados.com.br\/?product=camiseta-super-homem-001","title":{"rendered":"Camiseta Super Homem &#8211; 001"},"content":{"rendered":"<p>\u2022 A estampa n\u00e3o desbota nem quebra;<br \/>\n\u2022 Altamente dur\u00e1vel, n\u00e3o sai com lavagem;<br \/>\n\u2022 Pode ser lavada na m\u00e1quina;<br \/>\n\u2022 Pode passar o ferro sobre a estampa;<br \/>\n\u2022 Produto de alt\u00edssima qualidade.<\/p>\n","protected":false},"excerpt":{"rendered":"<ul>\n<li>\u00a0Camiseta Unissex Gola Redonda ou V;<\/li>\n<li>\u00a0Estampa sublim\u00e1tica de alta qualidade e defini\u00e7\u00e3o; n\u00e3o desbota e n\u00e3o solta tinta;<\/li>\n<li>\u00a0Camiseta 100% poli\u00e9ster fabricada com material de \u00f3tima qualidade;<\/li>\n<li>\u00a0O tamanho da estampa \u00e9 baseada numa folha padr\u00e3o A4;<\/li>\n<\/ul>\n","protected":false},"featured_media":4408,"comment_status":"open","ping_status":"closed","template":"","meta":[],"product_brand":[],"product_cat":[435,269],"product_tag":[96,436,67,65,66,443],"class_list":{"0":"post-4399","1":"product","2":"type-product","3":"status-publish","6":"product_cat-super-heroi","7":"product_cat-camisetas","8":"product_tag-avengers","9":"product_tag-heroes","10":"product_tag-homem","11":"product_tag-marvel","12":"product_tag-super","13":"product_tag-superman","15":"first","16":"instock","17":"shipping-taxable","18":"purchasable","19":"product-type-simple"},"_links":{"self":[{"href":"https:\/\/mmpersonalizados.com.br\/index.php?rest_route=\/wp\/v2\/product\/4399","targetHints":{"allow":["GET"]}}],"collection":[{"href":"https:\/\/mmpersonalizados.com.br\/index.php?rest_route=\/wp\/v2\/product"}],"about":[{"href":"https:\/\/mmpersonalizados.com.br\/index.php?rest_route=\/wp\/v2\/types\/product"}],"replies":[{"embeddable":true,"href":"https:\/\/mmpersonalizados.com.br\/index.php?rest_route=%2Fwp%2Fv2%2Fcomments&post=4399"}],"version-history":[{"count":2,"href":"https:\/\/mmpersonalizados.com.br\/index.php?rest_route=\/wp\/v2\/product\/4399\/revisions"}],"predecessor-version":[{"id":4403,"href":"https:\/\/mmpersonalizados.com.br\/index.php?rest_route=\/wp\/v2\/product\/4399\/revisions\/4403"}],"wp:featuredmedia":[{"embeddable":true,"href":"https:\/\/mmpersonalizados.com.br\/index.php?rest_route=\/wp\/v2\/media\/4408"}],"wp:attachment":[{"href":"https:\/\/mmpersonalizados.com.br\/index.php?rest_route=%2Fwp%2Fv2%2Fmedia&parent=4399"}],"wp:term":[{"taxonomy":"product_brand","embeddable":true,"href":"https:\/\/mmpersonalizados.com.br\/index.php?rest_route=%2Fwp%2Fv2%2Fproduct_brand&post=4399"},{"taxonomy":"product_cat","embeddable":true,"href":"https:\/\/mmpersonalizados.com.br\/index.php?rest_route=%2Fwp%2Fv2%2Fproduct_cat&post=4399"},{"taxonomy":"product_tag","embeddable":true,"href":"https:\/\/mmpersonalizados.com.br\/index.php?rest_route=%2Fwp%2Fv2%2Fproduct_tag&post=4399"}],"curies":[{"name":"wp","href":"https:\/\/api.w.org\/{rel}","templated":true}]}}