{"id":4537,"date":"2022-08-31T08:42:54","date_gmt":"2022-08-31T11:42:54","guid":{"rendered":"http:\/\/mmpersonalizados.com.br\/?post_type=product&#038;p=4537"},"modified":"2023-01-30T17:33:27","modified_gmt":"2023-01-30T20:33:27","slug":"camiseta-crista-024","status":"publish","type":"product","link":"https:\/\/mmpersonalizados.com.br\/?product=camiseta-crista-024","title":{"rendered":"Camiseta Crist\u00e3 &#8211; 024"},"content":{"rendered":"<p>\u2022 A estampa n\u00e3o desbota nem quebra;<br \/>\n\u2022 Altamente dur\u00e1vel, n\u00e3o sai com lavagem;<br \/>\n\u2022 Pode ser lavada na m\u00e1quina;<br \/>\n\u2022 Pode passar o ferro sobre a estampa;<br \/>\n\u2022 Produto de alt\u00edssima qualidade.<\/p>\n","protected":false},"excerpt":{"rendered":"<ul>\n<li>\u00a0Camiseta Unissex Gola Redonda ou V;<\/li>\n<li>\u00a0Estampa sublim\u00e1tica de alta qualidade e defini\u00e7\u00e3o; n\u00e3o desbota e n\u00e3o solta tinta;<\/li>\n<li>\u00a0Camiseta 100% poli\u00e9ster fabricada com material de \u00f3tima qualidade;<\/li>\n<li>\u00a0O tamanho da estampa \u00e9 baseada numa folha padr\u00e3o A4;<\/li>\n<\/ul>\n","protected":false},"featured_media":4584,"comment_status":"open","ping_status":"closed","template":"","meta":[],"product_brand":[],"product_cat":[269,271],"product_tag":[449,450,451,88],"class_list":{"0":"post-4537","1":"product","2":"type-product","3":"status-publish","6":"product_cat-camisetas","7":"product_cat-crista","8":"product_tag-crista","9":"product_tag-evangelicas","10":"product_tag-gospel","11":"product_tag-jesus","13":"first","14":"instock","15":"shipping-taxable","16":"purchasable","17":"product-type-simple"},"_links":{"self":[{"href":"https:\/\/mmpersonalizados.com.br\/index.php?rest_route=\/wp\/v2\/product\/4537","targetHints":{"allow":["GET"]}}],"collection":[{"href":"https:\/\/mmpersonalizados.com.br\/index.php?rest_route=\/wp\/v2\/product"}],"about":[{"href":"https:\/\/mmpersonalizados.com.br\/index.php?rest_route=\/wp\/v2\/types\/product"}],"replies":[{"embeddable":true,"href":"https:\/\/mmpersonalizados.com.br\/index.php?rest_route=%2Fwp%2Fv2%2Fcomments&post=4537"}],"version-history":[{"count":1,"href":"https:\/\/mmpersonalizados.com.br\/index.php?rest_route=\/wp\/v2\/product\/4537\/revisions"}],"predecessor-version":[{"id":4629,"href":"https:\/\/mmpersonalizados.com.br\/index.php?rest_route=\/wp\/v2\/product\/4537\/revisions\/4629"}],"wp:featuredmedia":[{"embeddable":true,"href":"https:\/\/mmpersonalizados.com.br\/index.php?rest_route=\/wp\/v2\/media\/4584"}],"wp:attachment":[{"href":"https:\/\/mmpersonalizados.com.br\/index.php?rest_route=%2Fwp%2Fv2%2Fmedia&parent=4537"}],"wp:term":[{"taxonomy":"product_brand","embeddable":true,"href":"https:\/\/mmpersonalizados.com.br\/index.php?rest_route=%2Fwp%2Fv2%2Fproduct_brand&post=4537"},{"taxonomy":"product_cat","embeddable":true,"href":"https:\/\/mmpersonalizados.com.br\/index.php?rest_route=%2Fwp%2Fv2%2Fproduct_cat&post=4537"},{"taxonomy":"product_tag","embeddable":true,"href":"https:\/\/mmpersonalizados.com.br\/index.php?rest_route=%2Fwp%2Fv2%2Fproduct_tag&post=4537"}],"curies":[{"name":"wp","href":"https:\/\/api.w.org\/{rel}","templated":true}]}}