{"id":5996,"date":"2022-09-08T10:49:57","date_gmt":"2022-09-08T13:49:57","guid":{"rendered":"http:\/\/mmpersonalizados.com.br\/?post_type=product&#038;p=5996"},"modified":"2023-09-05T15:12:43","modified_gmt":"2023-09-05T18:12:43","slug":"chopp-dia-dos-pais-007","status":"publish","type":"product","link":"https:\/\/mmpersonalizados.com.br\/?product=chopp-dia-dos-pais-007","title":{"rendered":"Chopp Dia dos Pais &#8211; 007"},"content":{"rendered":"<h3><strong><em>Dimens\u00f5es do produto:<\/em><\/strong><\/h3>\n<p><em><strong>Cor da Caneca:<\/strong> Jateado fosco<\/em><br \/>\n<em><strong>Capacidade:<\/strong> 475ml<\/em><br \/>\n<em><strong>Altura:<\/strong> 15cm<\/em><br \/>\n<em><strong>Di\u00e2metro:<\/strong> 8cm<\/em><\/p>\n","protected":false},"excerpt":{"rendered":"<p>Agora seu time de cora\u00e7\u00e3o ficar\u00e1 ao seu lado em todos momentos, personalizamos com nome caso desejar!<\/p>\n<p>Incr\u00edvel caneca de chopp para presentear quem voc\u00ea gosta e para o seu dia a dia.<\/p>\n<p>Produto com mat\u00e9ria-prima importada de alta qualidade, alta durabilidade com uma estampa que possui qualidade de alta resolu\u00e7\u00e3o com cores vibrantes e acabamento impec\u00e1vel.<\/p>\n<p>&nbsp;<\/p>\n","protected":false},"featured_media":10498,"comment_status":"open","ping_status":"closed","template":"","meta":[],"product_brand":[],"product_cat":[424,466,467],"product_tag":[465,235,251],"class_list":{"0":"post-5996","1":"product","2":"type-product","3":"status-publish","6":"product_cat-chopp","7":"product_cat-chopp-do-papai","8":"product_cat-dia-dos-pais","9":"product_tag-chopp","10":"product_tag-dia","11":"product_tag-pais","13":"first","14":"instock","15":"shipping-taxable","16":"purchasable","17":"product-type-simple"},"_links":{"self":[{"href":"https:\/\/mmpersonalizados.com.br\/index.php?rest_route=\/wp\/v2\/product\/5996","targetHints":{"allow":["GET"]}}],"collection":[{"href":"https:\/\/mmpersonalizados.com.br\/index.php?rest_route=\/wp\/v2\/product"}],"about":[{"href":"https:\/\/mmpersonalizados.com.br\/index.php?rest_route=\/wp\/v2\/types\/product"}],"replies":[{"embeddable":true,"href":"https:\/\/mmpersonalizados.com.br\/index.php?rest_route=%2Fwp%2Fv2%2Fcomments&post=5996"}],"version-history":[{"count":3,"href":"https:\/\/mmpersonalizados.com.br\/index.php?rest_route=\/wp\/v2\/product\/5996\/revisions"}],"predecessor-version":[{"id":10510,"href":"https:\/\/mmpersonalizados.com.br\/index.php?rest_route=\/wp\/v2\/product\/5996\/revisions\/10510"}],"wp:featuredmedia":[{"embeddable":true,"href":"https:\/\/mmpersonalizados.com.br\/index.php?rest_route=\/wp\/v2\/media\/10498"}],"wp:attachment":[{"href":"https:\/\/mmpersonalizados.com.br\/index.php?rest_route=%2Fwp%2Fv2%2Fmedia&parent=5996"}],"wp:term":[{"taxonomy":"product_brand","embeddable":true,"href":"https:\/\/mmpersonalizados.com.br\/index.php?rest_route=%2Fwp%2Fv2%2Fproduct_brand&post=5996"},{"taxonomy":"product_cat","embeddable":true,"href":"https:\/\/mmpersonalizados.com.br\/index.php?rest_route=%2Fwp%2Fv2%2Fproduct_cat&post=5996"},{"taxonomy":"product_tag","embeddable":true,"href":"https:\/\/mmpersonalizados.com.br\/index.php?rest_route=%2Fwp%2Fv2%2Fproduct_tag&post=5996"}],"curies":[{"name":"wp","href":"https:\/\/api.w.org\/{rel}","templated":true}]}}