{"id":6482,"date":"2022-09-09T17:13:26","date_gmt":"2022-09-09T20:13:26","guid":{"rendered":"http:\/\/mmpersonalizados.com.br\/?post_type=product&#038;p=6482"},"modified":"2024-08-22T12:40:39","modified_gmt":"2024-08-22T15:40:39","slug":"squeeze-evangelica-001","status":"publish","type":"product","link":"https:\/\/mmpersonalizados.com.br\/?product=squeeze-evangelica-001","title":{"rendered":"Squeeze Crist\u00e3 &#8211; 001"},"content":{"rendered":"<p>Squeeze personalizado<br \/>\n-Fazemos todos os temas<br \/>\n-Material alum\u00ednio<br \/>\n-Embalagem individual.<br \/>\n&#8211; N\u00e3o sai na lavagem.<\/p>\n","protected":false},"excerpt":{"rendered":"<p>&#8211; Resistente a quedas, \u00e9 ideal para utiliza\u00e7\u00e3o em academias, escolas, ou para carregar com voc\u00ea em atividades que precisam de muito movimento;<br \/>\n&#8211; Capacidade de 600 ml.<\/p>\n","protected":false},"featured_media":12526,"comment_status":"open","ping_status":"closed","template":"","meta":[],"product_brand":[],"product_cat":[423,478],"product_tag":[449,479],"class_list":{"0":"post-6482","1":"product","2":"type-product","3":"status-publish","6":"product_cat-squeezes","7":"product_cat-squeeze-crista","8":"product_tag-crista","9":"product_tag-squeeze","11":"first","12":"instock","13":"shipping-taxable","14":"purchasable","15":"product-type-simple"},"_links":{"self":[{"href":"https:\/\/mmpersonalizados.com.br\/index.php?rest_route=\/wp\/v2\/product\/6482","targetHints":{"allow":["GET"]}}],"collection":[{"href":"https:\/\/mmpersonalizados.com.br\/index.php?rest_route=\/wp\/v2\/product"}],"about":[{"href":"https:\/\/mmpersonalizados.com.br\/index.php?rest_route=\/wp\/v2\/types\/product"}],"replies":[{"embeddable":true,"href":"https:\/\/mmpersonalizados.com.br\/index.php?rest_route=%2Fwp%2Fv2%2Fcomments&post=6482"}],"version-history":[{"count":4,"href":"https:\/\/mmpersonalizados.com.br\/index.php?rest_route=\/wp\/v2\/product\/6482\/revisions"}],"predecessor-version":[{"id":6560,"href":"https:\/\/mmpersonalizados.com.br\/index.php?rest_route=\/wp\/v2\/product\/6482\/revisions\/6560"}],"wp:featuredmedia":[{"embeddable":true,"href":"https:\/\/mmpersonalizados.com.br\/index.php?rest_route=\/wp\/v2\/media\/12526"}],"wp:attachment":[{"href":"https:\/\/mmpersonalizados.com.br\/index.php?rest_route=%2Fwp%2Fv2%2Fmedia&parent=6482"}],"wp:term":[{"taxonomy":"product_brand","embeddable":true,"href":"https:\/\/mmpersonalizados.com.br\/index.php?rest_route=%2Fwp%2Fv2%2Fproduct_brand&post=6482"},{"taxonomy":"product_cat","embeddable":true,"href":"https:\/\/mmpersonalizados.com.br\/index.php?rest_route=%2Fwp%2Fv2%2Fproduct_cat&post=6482"},{"taxonomy":"product_tag","embeddable":true,"href":"https:\/\/mmpersonalizados.com.br\/index.php?rest_route=%2Fwp%2Fv2%2Fproduct_tag&post=6482"}],"curies":[{"name":"wp","href":"https:\/\/api.w.org\/{rel}","templated":true}]}}