{"id":6738,"date":"2022-09-13T16:48:45","date_gmt":"2022-09-13T19:48:45","guid":{"rendered":"http:\/\/mmpersonalizados.com.br\/?post_type=product&#038;p=6738"},"modified":"2024-08-22T12:41:00","modified_gmt":"2024-08-22T15:41:00","slug":"squeeze-homem-de-ferro-001","status":"publish","type":"product","link":"https:\/\/mmpersonalizados.com.br\/?product=squeeze-homem-de-ferro-001","title":{"rendered":"Squeeze Homem de Ferro &#8211; 001"},"content":{"rendered":"<p>Squeeze personalizado<br \/>\n-Fazemos todos os temas<br \/>\n-Material alum\u00ednio<br \/>\n-Embalagem individual.<br \/>\n&#8211; N\u00e3o sai na lavagem.<\/p>\n","protected":false},"excerpt":{"rendered":"<p>&#8211; Resistente a quedas, \u00e9 ideal para utiliza\u00e7\u00e3o em academias, escolas, ou para carregar com voc\u00ea em atividades que precisam de muito movimento;<br \/>\n&#8211; Capacidade de 600 ml.<\/p>\n","protected":false},"featured_media":12633,"comment_status":"open","ping_status":"closed","template":"","meta":[],"product_brand":[],"product_cat":[423,482],"product_tag":[473,67,440,479],"class_list":{"0":"post-6738","1":"product","2":"type-product","3":"status-publish","6":"product_cat-squeezes","7":"product_cat-squeeze-heroes","8":"product_tag-ferro","9":"product_tag-homem","10":"product_tag-homem-de-ferro","11":"product_tag-squeeze","13":"first","14":"instock","15":"shipping-taxable","16":"purchasable","17":"product-type-simple"},"_links":{"self":[{"href":"https:\/\/mmpersonalizados.com.br\/index.php?rest_route=\/wp\/v2\/product\/6738","targetHints":{"allow":["GET"]}}],"collection":[{"href":"https:\/\/mmpersonalizados.com.br\/index.php?rest_route=\/wp\/v2\/product"}],"about":[{"href":"https:\/\/mmpersonalizados.com.br\/index.php?rest_route=\/wp\/v2\/types\/product"}],"replies":[{"embeddable":true,"href":"https:\/\/mmpersonalizados.com.br\/index.php?rest_route=%2Fwp%2Fv2%2Fcomments&post=6738"}],"version-history":[{"count":1,"href":"https:\/\/mmpersonalizados.com.br\/index.php?rest_route=\/wp\/v2\/product\/6738\/revisions"}],"predecessor-version":[{"id":6739,"href":"https:\/\/mmpersonalizados.com.br\/index.php?rest_route=\/wp\/v2\/product\/6738\/revisions\/6739"}],"wp:featuredmedia":[{"embeddable":true,"href":"https:\/\/mmpersonalizados.com.br\/index.php?rest_route=\/wp\/v2\/media\/12633"}],"wp:attachment":[{"href":"https:\/\/mmpersonalizados.com.br\/index.php?rest_route=%2Fwp%2Fv2%2Fmedia&parent=6738"}],"wp:term":[{"taxonomy":"product_brand","embeddable":true,"href":"https:\/\/mmpersonalizados.com.br\/index.php?rest_route=%2Fwp%2Fv2%2Fproduct_brand&post=6738"},{"taxonomy":"product_cat","embeddable":true,"href":"https:\/\/mmpersonalizados.com.br\/index.php?rest_route=%2Fwp%2Fv2%2Fproduct_cat&post=6738"},{"taxonomy":"product_tag","embeddable":true,"href":"https:\/\/mmpersonalizados.com.br\/index.php?rest_route=%2Fwp%2Fv2%2Fproduct_tag&post=6738"}],"curies":[{"name":"wp","href":"https:\/\/api.w.org\/{rel}","templated":true}]}}